{"id":814,"date":"2023-06-18T15:18:52","date_gmt":"2023-06-18T15:18:52","guid":{"rendered":"https:\/\/verrina.it\/wp\/?page_id=814"},"modified":"2023-06-18T15:39:40","modified_gmt":"2023-06-18T15:39:40","slug":"marcomm-expert","status":"publish","type":"page","link":"https:\/\/verrina.it\/wp\/marcomm-expert\/","title":{"rendered":"MarComm Expert"},"content":{"rendered":"\n<p class=\"has-medium-font-size\">La crisi della pubblicit\u00e0 non \u00e8 forse solo crisi di investimenti, ma nasce da una diffusa insoddisfazione verso i media in generale. Tranne alcuni modelli di eccellenza, l&#8217;intero universo dei mass media, dalle tigri di carta ai social network, sembra essere pervaso da un appiattimento sull&#8217;ovvio ed uno smodato desiderio di sensazionalismo che porta uomini e mezzi a scivolare sul piano inclinato della mediocrit\u00e0.<\/p>\n\n\n\n<p class=\"has-medium-font-size\">Gli ultimi anni sono risultati nefasti per quanti operano nel settore della comunicazione: da un lato l&#8217;affermazione delle nuove tecnologie ed il moltiplicarsi delle piattaforme che hanno modificato le tradizionali \u00abregole d&#8217;ingaggio\u00bb e le modalit\u00e0 d&#8217;impiego; dall&#8217;altra una cattiva immagine di giornalisti e conduttori TV, divenuti cani da riporto della peggiore politica, degli intellettuali trasformatisi in cantastorie del potere e degli operatori a vari livelli asserviti alla quotidiana pratica del pettegolezzo.<\/p>\n\n\n\n<p class=\"has-medium-font-size\">Mentre cresce la necessit\u00e0 di un&#8217;informazione pi\u00f9 obiettiva ed equidistante, forse completamente distante dalla politica, l&#8217;incessante diffusione dei new media, eccessivamente volatili, e l&#8217;avvento di troppi \u00abnuovi\u00bb editori improvvisati non produce un fattore di stimolo per il mercato ma solo di rallentamento.<\/p>\n\n\n\n<p class=\"has-medium-font-size\">Soggiogati dall&#8217;inerzia, i media appaiono incapaci di attrarre investimenti pubblicitari di qualit\u00e0: in riferimento alla comunicazione commerciale, si potrebbe parlare di \u00abfattore intasamento\u00bb determinato da un&#8217;offerta decisamente sproporzionata rispetto alla domanda&#8230;<\/p>\n\n\n\n<div class=\"wp-block-columns is-layout-flex wp-container-core-columns-is-layout-28f84493 wp-block-columns-is-layout-flex\">\n<div class=\"wp-block-column is-layout-flow wp-block-column-is-layout-flow\">\n<figure class=\"wp-block-image size-large\"><img loading=\"lazy\" decoding=\"async\" width=\"683\" height=\"1024\" src=\"https:\/\/verrina.it\/wp\/wp-content\/uploads\/2023\/06\/Cover_CAPOVOLTA_anteNewX-683x1024.jpg\" alt=\"\" class=\"wp-image-816\"\/><\/figure>\n<\/div>\n\n\n\n<div class=\"wp-block-column is-layout-flow wp-block-column-is-layout-flow\">\n<figure class=\"wp-block-image size-full\"><img loading=\"lazy\" decoding=\"async\" width=\"454\" height=\"680\" src=\"https:\/\/verrina.it\/wp\/wp-content\/uploads\/2023\/06\/PlasticaCoverAnte12Cut-e1687101421110.jpg\" alt=\"\" class=\"wp-image-818\" srcset=\"https:\/\/verrina.it\/wp\/wp-content\/uploads\/2023\/06\/PlasticaCoverAnte12Cut-e1687101421110.jpg 454w, https:\/\/verrina.it\/wp\/wp-content\/uploads\/2023\/06\/PlasticaCoverAnte12Cut-e1687101421110-200x300.jpg 200w\" sizes=\"auto, (max-width: 454px) 100vw, 454px\" \/><\/figure>\n<\/div>\n<\/div>\n\n\n\n<div class=\"wp-block-columns is-layout-flex wp-container-core-columns-is-layout-28f84493 wp-block-columns-is-layout-flex\">\n<div class=\"wp-block-column is-layout-flow wp-block-column-is-layout-flow\">\n<figure class=\"wp-block-image size-full\"><img loading=\"lazy\" decoding=\"async\" width=\"500\" height=\"750\" src=\"https:\/\/verrina.it\/wp\/wp-content\/uploads\/2023\/06\/Cover_Fare_New_cut-e1687101452591.jpg\" alt=\"\" class=\"wp-image-817\" srcset=\"https:\/\/verrina.it\/wp\/wp-content\/uploads\/2023\/06\/Cover_Fare_New_cut-e1687101452591.jpg 500w, https:\/\/verrina.it\/wp\/wp-content\/uploads\/2023\/06\/Cover_Fare_New_cut-e1687101452591-200x300.jpg 200w\" sizes=\"auto, (max-width: 500px) 100vw, 500px\" \/><\/figure>\n<\/div>\n\n\n\n<div class=\"wp-block-column is-layout-flow wp-block-column-is-layout-flow\">\n<figure class=\"wp-block-image size-full\"><img loading=\"lazy\" decoding=\"async\" width=\"454\" height=\"680\" src=\"https:\/\/verrina.it\/wp\/wp-content\/uploads\/2023\/06\/Pubblicitario-Ante_cut.jpg\" alt=\"\" class=\"wp-image-815\" srcset=\"https:\/\/verrina.it\/wp\/wp-content\/uploads\/2023\/06\/Pubblicitario-Ante_cut.jpg 454w, https:\/\/verrina.it\/wp\/wp-content\/uploads\/2023\/06\/Pubblicitario-Ante_cut-200x300.jpg 200w\" sizes=\"auto, (max-width: 454px) 100vw, 454px\" \/><\/figure>\n<\/div>\n<\/div>\n\n\n\n<p class=\"has-medium-font-size\">Per comprendere meglio talune asserzioni, sarebbe opportuno fissare almeno un concetto: \u00abla pubblicit\u00e0, intesa come advertsing, non \u00e8 un mezzo di comunicazione a s\u00e9 stante\u00bb ma, al di l\u00e0 della sua funzione pro-attiva, costituisce solo un vettore di contenuti, ossia una variabile dipendente da altri media che ne veicolano i messaggi.<\/p>\n\n\n\n<p class=\"has-medium-font-size\">Oggi l&#8217;atteggiamento dominante, almeno in Italia, nel risolvere le problematiche della pubblicit\u00e0 sembra far leva su taluni assunti di base: 1) litighiamoci aspramente sopra e adottiamo la soluzione di chi vince o di chi ha pi\u00f9 forza per imporsi, ossia quella che, apparentemente, dovrebbe pagare nell&#8217;immediato; 2) ignoriamo il problema, che tanto, prima o poi, si risolve da s\u00e9, o finisce nel dimenticatoio; 3) ricamiamoci sopra lasciandoci imprigionare nel concetto di \u00abanalysis paralysis\u00bb , con l&#8217;intento di cavare in fretta e furia qualche \u00abragno dal buco\u00bb da mostrare ai committenti, spesso pi\u00f9 frettolosi dei creativi. In fondo, la tecnica del mago provetto in grado di tirare fuori conigli o tortore dal cilindro non \u00e8 cos\u00ec deleteria come potrebbe sembrare: costituisce la modalit\u00e0 pi\u00f9 immediata ed intuitiva che, basandosi su euristiche scorciatoie di pensiero, consente di elaborare rapide valutazioni sulla scorta di convinzioni individuali o di esperienze pregresse.<\/p>\n\n\n\n<p class=\"has-medium-font-size\">Nella maggior parte dei casi, suddetta strategia permette di trovare velocemente, se non la migliore delle soluzioni possibili, una soluzione alquanto plausibile. Un pensiero brillante, non imprigionato nel rigore di una procedura e capace di trovare un inatteso uovo di colombo grazie ad un insight, ossia una sorta d&#8217;improvvisa illuminazione creativa, dovrebbe costituire, per\u00f2, un&#8217;eccezione e non una regola.<\/p>\n\n\n\n<p class=\"has-medium-font-size\">Il deterioramento dei media sembra abbia prodotto anche uno scadimento dei supporti pubblicitari alimentando, come un mantice, la fiamma del \u00abdisinvestimento\u00bb da parte delle imprese.<\/p>\n\n\n\n<p class=\"has-medium-font-size\">Il fragore mediatico, particolarmente in televisione, surclassa costantemente il flusso pubblicitario che, quando non \u00e8 avvertito dal fruitore come un ennesimo fastidio, diventa un momento di \u00abdecompressione\u00bb : la soglia dell&#8217;attenzione si abbassa e il cosiddetto \u00abtrasferimento della sensazione\u00bb finisce per essere vanificato.<\/p>\n\n\n\n<p class=\"has-medium-font-size\">Perfino i titoli altisonanti di certa stampa o i sensazionali video della Rete o altre demoniache presenze posseggono la forza di occultare i riquadri ed i banners pubblicitari.<\/p>\n\n\n\n<p class=\"has-medium-font-size\">Per dirla in soldoni, il mondo del giornalismo, della pubblicit\u00e0, dell\u2019editoria e dei vecchi e nuovi media sono strettamente legati al medesimo cordone ombelicale, fratelli-coltelli e figli della stessa genitrice.<\/p>\n\n\n\n<p class=\"has-medium-font-size\">La crisi c&#8217;\u00e8, la congiuntura \u00e8 pesante, la globalizzazione impazza, ma l&#8217;inadeguatezza dei mezzi rende ancora pi\u00f9 difficile la vita di chi opera nel campo della pubblicit\u00e0.<\/p>\n\n\n\n<p class=\"has-medium-font-size\">Se la pubblicit\u00e0 rantola nel buio, in parte, le colpe vanno attribuite al roboante impero dei media che, oltre a moltiplicare le piattaforme e i mondi virtuali possibili, non riesce ad indicare strade percorribili ed approdi sicuri alla pubblicit\u00e0 che, oltre a garantire la propria sussistenza, garantisce (e garantirebbe meglio) la sopravvivenza dei mezzi che la veicolano.<\/p>\n\n\n\n<p class=\"has-medium-font-size\">La pubblicit\u00e0 \u00e8 costretta a dare un messaggio, comunicando piacere ed imprevedibilit\u00e0, necessita di una realt\u00e0 \u00abeufemizzata\u00bb , distante dai conflitti e dalle negativit\u00e0. Per contro, la mancanza di autorevolezza dei media rispecchia la volont\u00e0 di annientamento dell\u2019avversario che si sente nella nostra societ\u00e0.<\/p>\n\n\n\n<p class=\"has-medium-font-size\">Se l\u2019immagine sociale dei giornalisti, conduttori e mezzi tende al ribasso, il calo degli investimenti in comunicazione risulta direttamente proporzionale al calo degli indici di ascolto e di gradimento da parte del pubblico soprattutto dei media tradizionali a tutto vantaggio di Internet.<\/p>\n\n\n\n<p class=\"has-medium-font-size\">La Rete, nonostante il trend attivo, non ha dato ancora quei frutti sperati, forse perch\u00e9 a molti potenziali investitori appare come una \u00abneverland\u00bb senza legge, uno sconfinato territorio senza confini delimitabili e totalmente privo di punti di ancoraggio.<\/p>\n\n\n\n<p class=\"has-medium-font-size\">Gli scambi one-to-one e l&#8217;ampliarsi del \u00abprosuming mediale\u00bb (produzione da parte di utenti dei contenuti informativi), l&#8217;incremento esponenziale dell\u2019offerta di informazione porta, sovente, a confusione ed ansia da \u00abover-information\u00bb e perdita di controllo.<\/p>\n\n\n\n<p class=\"has-medium-font-size\">Il Web ha innescato una selezione darwiniana di molti media tradizionali determinando il successo di nuove testate ed una crescente multimedialit\u00e0 dei prodotti editoriali, ma ha favorito, al contempo, la nascita prematura con rapida scomparsa di innumerevoli e insignificanti fenomeni che fanno capolino per poi scomparire come fuochi fatui.<\/p>\n\n\n\n<p class=\"has-medium-font-size\">A tal fine, la validit\u00e0 e la credibilit\u00e0 dei mezzi risulta ancora pi\u00f9 necessaria oggi che si verifica un eccesso di informazione e di \u00abmediatizzazione\u00bb . In futuro per il cittadino-consumatore sar\u00e0 pi\u00f9 difficile distinguere il vero dal falso e il professionista dall&#8217;impostore, tanto che la domanda di approfondimento, selezione e sintesi, interpretazione ed orientamento, norme di controllo e sanzioni diverr\u00e0 sempre pi\u00f9 pressante.<\/p>\n\n\n\n<p class=\"has-medium-font-size\">In futuro si dovr\u00e0 migliorare il messaggio, scegliere bene i media, lavorare sulla qualit\u00e0 del contesto in cui si inserisce il messaggio e la credibilit\u00e0 del mezzo. La pubblicit\u00e0, essendone la principale fonte di sostentamento, sembrava avesse asservito i media, ma questo le si \u00e8 ritorto contro.<\/p>\n\n\n\n<p class=\"has-medium-font-size\">La perdita di attrattivit\u00e0 editoriale di gran parte delle testate e di molte trasmissioni TV ha determinato il calo dell\u2019identificazione e della fidelizzazione del pubblico, quindi l\u2019indebolimento del medium quale veicolo di messaggi commerciali.<\/p>\n\n\n\n<p class=\"has-medium-font-size\">L&#8217;autentica svolta epocale sar\u00e0 il definivo passaggio dalla pubblicit\u00e0 \u00abcolonialista\u00bb alla pubblicit\u00e0 interessata alla bont\u00e0 del brand in relazione ai potenziali consumatori. Il recupero di credibilit\u00e0 dei media diventa una \u00abconditio sine qua non\u00bb per gli investitori pubblicitari, che non dovranno pi\u00f9 \u00abcolonizzare\u00bb i media, ma passa attraverso la qualit\u00e0 del prodotto editoriale e la cura del suo rapporto con i fruitori.<\/p>\n\n\n\n<p class=\"has-medium-font-size\">La pubblicit\u00e0 non solo sar\u00e0 sempre indispensabile per i media, ma addirittura tender\u00e0 ad orientarli. In futuro gli investitori pubblicitari avranno bisogno di mezzi adeguati e credibili, diversamente non lo saranno neppure i messaggi attraverso di essi veicolati&#8230;<\/p>\n\n\n\n<p><strong><em>Francesco Cataldo Verrina <\/em><\/strong><\/p>\n","protected":false},"excerpt":{"rendered":"<p>La crisi della pubblicit\u00e0 non \u00e8 forse solo crisi di investimenti, ma nasce da una diffusa insoddisfazione verso i media in generale. Tranne alcuni modelli di eccellenza, l&#8217;intero universo dei mass media, dalle tigri di carta ai social network, sembra essere pervaso da un appiattimento sull&#8217;ovvio ed uno smodato desiderio di sensazionalismo che porta uomini [&hellip;]<\/p>\n","protected":false},"author":2,"featured_media":0,"parent":0,"menu_order":0,"comment_status":"closed","ping_status":"closed","template":"","meta":{"pagelayer_contact_templates":[],"_pagelayer_content":"","footnotes":""},"class_list":["post-814","page","type-page","status-publish","hentry"],"jetpack_sharing_enabled":true,"_links":{"self":[{"href":"https:\/\/verrina.it\/wp\/wp-json\/wp\/v2\/pages\/814","targetHints":{"allow":["GET"]}}],"collection":[{"href":"https:\/\/verrina.it\/wp\/wp-json\/wp\/v2\/pages"}],"about":[{"href":"https:\/\/verrina.it\/wp\/wp-json\/wp\/v2\/types\/page"}],"author":[{"embeddable":true,"href":"https:\/\/verrina.it\/wp\/wp-json\/wp\/v2\/users\/2"}],"replies":[{"embeddable":true,"href":"https:\/\/verrina.it\/wp\/wp-json\/wp\/v2\/comments?post=814"}],"version-history":[{"count":4,"href":"https:\/\/verrina.it\/wp\/wp-json\/wp\/v2\/pages\/814\/revisions"}],"predecessor-version":[{"id":828,"href":"https:\/\/verrina.it\/wp\/wp-json\/wp\/v2\/pages\/814\/revisions\/828"}],"wp:attachment":[{"href":"https:\/\/verrina.it\/wp\/wp-json\/wp\/v2\/media?parent=814"}],"curies":[{"name":"wp","href":"https:\/\/api.w.org\/{rel}","templated":true}]}}